{"id":759,"date":"2016-10-28T08:55:46","date_gmt":"2016-10-28T06:55:46","guid":{"rendered":"https:\/\/www.chateau-roquefort.com\/?page_id=759&#038;lang=en"},"modified":"2016-11-06T09:00:34","modified_gmt":"2016-11-06T08:00:34","slug":"legal-notice","status":"publish","type":"page","link":"https:\/\/www.chateau-roquefort.com\/en\/legal-notice\/","title":{"rendered":"Legal notice"},"content":{"rendered":"<p>The website found at the web address https:\/\/www.chateau-roquefort.com is published by SCE Ch\u00e2teau ROQUEFORT. The website and all related rights are the property of the company Ch\u00e2teau ROQUEFORT. Any reproduction in full or in part requires prior permission from the owner. By way of exception, simple hypertext links to the website are permitted without specific request.<\/p>\n<p>Name: Ch\u00e2teau ROQUEFORT \u00a0Registered office: 33760 LUGASSON Tel.: 05 56 23 97 48 (not premium rate) contact@chateau-roquefort.com.<\/p>\n<p>Website: <u>www.chateau-roquefort.com<\/u>\u00a0\u2028RCS registration no.: \u00a0\u00a0<strong>323 959 759 rcs bordeaux<\/strong> \u2028VAT no.: \u00a0<strong>fr11 323 959 759<\/strong>\u00a0 Legal representative: Mr. Fr\u00e9d\u00e9ric BELLANGER<\/p>\n<p>The publication director and managing editor is Mr. Fr\u00e9d\u00e9ric BELLANGER, as the legal representative of SCE Ch\u00e2teau ROQUEFORT<\/p>\n<h2><strong>Protection of minors<\/strong><\/h2>\n<p>In accordance with article L. 3342-1 of the French Public Health Code which stipulates that the sale of alcohol to minors under the age of eighteen (18) is prohibited, when completing the order form the purchaser shall confirm that they are aged eighteen or over on the date of the order.<\/p>\n<p><strong>Alcohol abuse<\/strong><\/p>\n<p>Alcohol abuse can damage your health. Please drink and enjoy in moderation.<\/p>\n<p><strong>File protection \u2013 intellectual property rights<\/strong><\/p>\n<p>In accordance with the provisions of law no. 98-536 of 1 July 1998 transposing Directive 96\/9\/EC of 11 March 1996 on the legal protection of databases, Ch\u00e2teau ROQUEFORT is the author and owner of the databases making up this website. Unless explicit reference is made to copyright held by a third party, all data appearing on this website (text, images, graphics, logos, icons, information content etc.) is its own exclusive design protected by both copyright and intellectual property rights. Any unauthorised usage or reproduction, either in full or in part, will be prosecuted.<\/p>\n<h2><strong>Trademark<\/strong><\/h2>\n<p>The trademark Ch\u00e2teau ROQUEFORT is registered under the numbers 9498886 \/ 000854992 \/ 98711602 \/ 9510881. Any reproduction or imitation will be prosecuted as a counterfeiting offence.<\/p>\n<h2><strong>Use of personal information<\/strong><\/h2>\n<p>This site has made a CNIL declaration under the number [registration process ongoing] (Simplified standard no. 48). The information gathered by the website\u2019s interfaces is required to handle orders, payments, loyalty programmes and sales promotion. The site distinguishes between mandatory information (marked with an asterisk) and additional information. Data may be communicated externally (i) without prior agreement for any marketing activities for similar or analogous products from the company or a company within the same group; (ii) with the customer\u2019s prior agreement in other cases. This information may also be communicated in order to meet legal and regulatory obligations and given to court and judicial officers responsible for recovery.<\/p>\n<p>Data is kept (i) for 10 years for all orders placed; (i) for 3 years from the last order or website for personal information; (iii) for 6 months for data saved on user terminals.<\/p>\n<p>When visited, the website can automatically generate information stored on the service user\u2019s terminal to ensure improved orientation based on the user\u2019s past preferences and make navigation friendlier. The data generated is not personally identifiable. All users of the service may block this by appropriately configuring their computer.<\/p>\n<p>Pursuant to article 27 of French law no. 78-17 of 6 January 1978 on information technology and individual freedom, you are entitled to access, modify, rectify and delete data relating to you. You can unsubscribe at any moment by clicking on the link found in all of our newsletters. If you have a complaint, please contact our customer services: \u2028Monday to Friday 9:00 to 12:30 and 14:00 to 17:30 by telephone on 05 56 23 97 48 (not premium rate) or by email on <a href=\"mailto:contact@chateau-roquefort.com\">contact@chateau-roquefort.com<\/a>. Postal address: Ch\u00e2teau Roquefort 33760 Lugasson<\/p>\n<h2><strong>Website host:<\/strong><\/h2>\n<p>The company OVH, registered office:<\/p>\n<p>2 rue Kellermann \u2013 BP 80157 \u2013 59053 Roubaix cedex 1 \u2013 France<\/p>\n<p>SAS (simplified joint-stock company) with capital of \u20ac10,000k<br \/>\nRCS Roubaix Tourcoing 424\u00a0761\u00a0419 00045<br \/>\nCode APE 6202A<\/p>\n<h2><strong>Website development<\/strong><\/h2>\n<p><a href=\"http:\/\/www.lenouvelappartement.com\/\">Editorial strategy \u2013 concept \u2013 copywriting<\/a><br \/>\n<strong>Le Nouvel Appartement agency<\/strong><\/p>\n<p><a href=\"https:\/\/www.jaocreation.fr\/\">digitale agency lyon<\/a><br \/>\n<strong>JAO COMMUNICATION<\/strong><\/p>\n","protected":false},"excerpt":{"rendered":"<p>The website found at the web address https:\/\/www.chateau-roquefort.com is published by SCE Ch\u00e2teau ROQUEFORT. The website and all related rights are the property of the [&hellip;]<\/p>\n","protected":false},"author":1,"featured_media":0,"parent":0,"menu_order":0,"comment_status":"closed","ping_status":"closed","template":"page-templates\/page-full-width.php","meta":{"_acf_changed":false,"footnotes":""},"class_list":["post-759","page","type-page","status-publish","hentry"],"acf":[],"_links":{"self":[{"href":"https:\/\/www.chateau-roquefort.com\/en\/wp-json\/wp\/v2\/pages\/759"}],"collection":[{"href":"https:\/\/www.chateau-roquefort.com\/en\/wp-json\/wp\/v2\/pages"}],"about":[{"href":"https:\/\/www.chateau-roquefort.com\/en\/wp-json\/wp\/v2\/types\/page"}],"author":[{"embeddable":true,"href":"https:\/\/www.chateau-roquefort.com\/en\/wp-json\/wp\/v2\/users\/1"}],"replies":[{"embeddable":true,"href":"https:\/\/www.chateau-roquefort.com\/en\/wp-json\/wp\/v2\/comments?post=759"}],"version-history":[{"count":0,"href":"https:\/\/www.chateau-roquefort.com\/en\/wp-json\/wp\/v2\/pages\/759\/revisions"}],"wp:attachment":[{"href":"https:\/\/www.chateau-roquefort.com\/en\/wp-json\/wp\/v2\/media?parent=759"}],"curies":[{"name":"wp","href":"https:\/\/api.w.org\/{rel}","templated":true}]}}