{"id":1915,"date":"2018-12-19T14:06:43","date_gmt":"2018-12-19T13:06:43","guid":{"rendered":"https:\/\/www.chateau-roquefort.com\/en\/les-vins\/cuvee-jean-bellanger\/"},"modified":"2025-09-22T11:37:11","modified_gmt":"2025-09-22T09:37:11","slug":"cuvee-jean-bellanger","status":"publish","type":"product","link":"https:\/\/www.chateau-roquefort.com\/en\/les-vins\/cuvee-jean-bellanger\/","title":{"rendered":"Cuv\u00e9e<br> Jean Bellanger"},"content":{"rendered":"<p>Very dark and deep colour. The bouquet offers up sophisticated mixture of red fruits (ripe raspberry, blackcurrant) with spicy notes.<\/p>\n<p>Rich and wide palate, the tannins are nicely mellowed and creaminess with vanilla and cacao hints.<\/p>\n<p>The final palate is long with a strength aromatic retro olfactory. Great vintage.<\/p>\n<p>Very concentrated wine as a grand cru.<\/p>\n","protected":false},"excerpt":{"rendered":"<p><strong>AOC Bordeaux Sup\u00e9rieur contr\u00f4l\u00e9e<br \/>\n<\/strong><em>Very dark and deep colour.<\/em><br \/>\nGrape varieties 1\/3\u00a0<strong>Merlot, <\/strong>1\/3\u00a0<strong>Cabernet Sauvignon, <\/strong>1\/3\u00a0<strong>Cabernet Franc.<\/strong><\/p>\n","protected":false},"featured_media":5345,"template":"","meta":{"_acf_changed":false},"product_cat":[18],"product_tag":[53],"class_list":{"0":"post-1915","1":"product","2":"type-product","3":"status-publish","4":"has-post-thumbnail","6":"product_cat-red-wines","7":"product_tag-chateau-roquefort-en","9":"first","10":"instock","11":"taxable","12":"shipping-taxable","13":"purchasable","14":"product-type-simple"},"acf":[],"_links":{"self":[{"href":"https:\/\/www.chateau-roquefort.com\/en\/wp-json\/wp\/v2\/product\/1915"}],"collection":[{"href":"https:\/\/www.chateau-roquefort.com\/en\/wp-json\/wp\/v2\/product"}],"about":[{"href":"https:\/\/www.chateau-roquefort.com\/en\/wp-json\/wp\/v2\/types\/product"}],"wp:featuredmedia":[{"embeddable":true,"href":"https:\/\/www.chateau-roquefort.com\/en\/wp-json\/wp\/v2\/media\/5345"}],"wp:attachment":[{"href":"https:\/\/www.chateau-roquefort.com\/en\/wp-json\/wp\/v2\/media?parent=1915"}],"wp:term":[{"taxonomy":"product_cat","embeddable":true,"href":"https:\/\/www.chateau-roquefort.com\/en\/wp-json\/wp\/v2\/product_cat?post=1915"},{"taxonomy":"product_tag","embeddable":true,"href":"https:\/\/www.chateau-roquefort.com\/en\/wp-json\/wp\/v2\/product_tag?post=1915"}],"curies":[{"name":"wp","href":"https:\/\/api.w.org\/{rel}","templated":true}]}}