{"id":4421,"date":"2023-09-05T09:22:48","date_gmt":"2023-09-05T07:22:49","guid":{"rendered":"https:\/\/www.chateau-roquefort.com\/?post_type=product&#038;p=4421"},"modified":"2025-09-22T11:41:50","modified_gmt":"2025-09-22T09:41:50","slug":"grande-cuvee","status":"publish","type":"product","link":"https:\/\/www.chateau-roquefort.com\/en\/les-vins\/grande-cuvee\/","title":{"rendered":"Grande Cuv\u00e9e"},"content":{"rendered":"<p>Very dark colour. The bouquet offers up sophisticated mixture of red fruits (ripe raspberry, blackcurrant) with spicy notes. Rich and wide palate, the tannins are nicely mellowed and allied with vanilla and cacao hints. The final palate is long with a strength aromatic retro olfactory. Great vintage.<\/p>\n","protected":false},"excerpt":{"rendered":"<p><strong>AOC Bordeaux Sup\u00e9rieur contr\u00f4l\u00e9e<br \/>\n<\/strong>Grape varieties 85%\u00a0<strong>Merlot<\/strong>, 15% <strong>Cabernet Sauvignon<\/strong><\/p>\n","protected":false},"featured_media":4921,"template":"","meta":{"_acf_changed":false},"product_cat":[18],"product_tag":[53],"class_list":{"0":"post-4421","1":"product","2":"type-product","3":"status-publish","4":"has-post-thumbnail","6":"product_cat-red-wines","7":"product_tag-chateau-roquefort-en","9":"first","10":"instock","11":"taxable","12":"shipping-taxable","13":"purchasable","14":"product-type-simple"},"acf":[],"_links":{"self":[{"href":"https:\/\/www.chateau-roquefort.com\/en\/wp-json\/wp\/v2\/product\/4421"}],"collection":[{"href":"https:\/\/www.chateau-roquefort.com\/en\/wp-json\/wp\/v2\/product"}],"about":[{"href":"https:\/\/www.chateau-roquefort.com\/en\/wp-json\/wp\/v2\/types\/product"}],"wp:featuredmedia":[{"embeddable":true,"href":"https:\/\/www.chateau-roquefort.com\/en\/wp-json\/wp\/v2\/media\/4921"}],"wp:attachment":[{"href":"https:\/\/www.chateau-roquefort.com\/en\/wp-json\/wp\/v2\/media?parent=4421"}],"wp:term":[{"taxonomy":"product_cat","embeddable":true,"href":"https:\/\/www.chateau-roquefort.com\/en\/wp-json\/wp\/v2\/product_cat?post=4421"},{"taxonomy":"product_tag","embeddable":true,"href":"https:\/\/www.chateau-roquefort.com\/en\/wp-json\/wp\/v2\/product_tag?post=4421"}],"curies":[{"name":"wp","href":"https:\/\/api.w.org\/{rel}","templated":true}]}}